{"id":1663,"date":"2024-10-03T13:53:30","date_gmt":"2024-10-03T13:53:30","guid":{"rendered":"http:\/\/inno-plussystems.com\/kontakt\/"},"modified":"2025-08-13T09:36:39","modified_gmt":"2025-08-13T09:36:39","slug":"kontakt","status":"publish","type":"page","link":"https:\/\/inno-plussystems.com\/de\/kontakt\/","title":{"rendered":"Kontaktieren Sie uns"},"content":{"rendered":"","protected":false},"excerpt":{"rendered":"","protected":false},"author":2,"featured_media":1177,"parent":0,"menu_order":0,"comment_status":"closed","ping_status":"closed","template":"","meta":{"_acf_changed":false,"footnotes":""},"class_list":["post-1663","page","type-page","status-publish","has-post-thumbnail","hentry"],"acf":[],"yoast_head":"<!-- This site is optimized with the Yoast SEO plugin v27.1.1 - https:\/\/yoast.com\/product\/yoast-seo-wordpress\/ -->\n<title>Kontaktieren Sie uns - Inno+<\/title>\n<meta name=\"description\" content=\"Kontaktieren Sie Inno+ f\u00fcr weitere Informationen \u00fcber unsere innovativen Klimasysteme f\u00fcr die Viehzucht. We energise farming!\" \/>\n<meta name=\"robots\" content=\"index, follow, max-snippet:-1, max-image-preview:large, max-video-preview:-1\" \/>\n<link rel=\"canonical\" href=\"https:\/\/inno-plussystems.com\/de\/kontakt\/\" \/>\n<meta property=\"og:locale\" content=\"de_DE\" \/>\n<meta property=\"og:type\" content=\"article\" \/>\n<meta property=\"og:title\" content=\"Kontaktieren Sie uns - Inno+\" \/>\n<meta property=\"og:description\" content=\"Kontaktieren Sie Inno+ f\u00fcr weitere Informationen \u00fcber unsere innovativen Klimasysteme f\u00fcr die Viehzucht. We energise farming!\" \/>\n<meta property=\"og:url\" content=\"https:\/\/inno-plussystems.com\/de\/kontakt\/\" \/>\n<meta property=\"og:site_name\" content=\"Inno+\" \/>\n<meta property=\"article:publisher\" content=\"https:\/\/www.facebook.com\/innoplus.nl\" \/>\n<meta property=\"article:modified_time\" content=\"2025-08-13T09:36:39+00:00\" \/>\n<meta property=\"og:image\" content=\"https:\/\/inno-plussystems.com\/app\/uploads\/2024\/10\/pand_0.jpg\" \/>\n\t<meta property=\"og:image:width\" content=\"1920\" \/>\n\t<meta property=\"og:image:height\" content=\"1080\" \/>\n\t<meta property=\"og:image:type\" content=\"image\/jpeg\" \/>\n<meta name=\"twitter:card\" content=\"summary_large_image\" \/>\n<meta name=\"twitter:label1\" content=\"Est. reading time\" \/>\n\t<meta name=\"twitter:data1\" content=\"2 minutes\" \/>\n<script type=\"application\/ld+json\" class=\"yoast-schema-graph\">{\"@context\":\"https:\/\/schema.org\",\"@graph\":[{\"@type\":[\"WebPage\",\"ContactPage\"],\"@id\":\"https:\/\/inno-plussystems.com\/de\/kontakt\/\",\"url\":\"https:\/\/inno-plussystems.com\/de\/kontakt\/\",\"name\":\"Kontaktieren Sie uns - Inno+\",\"isPartOf\":{\"@id\":\"https:\/\/inno-plussystems.com\/de\/#website\"},\"primaryImageOfPage\":{\"@id\":\"https:\/\/inno-plussystems.com\/de\/kontakt\/#primaryimage\"},\"image\":{\"@id\":\"https:\/\/inno-plussystems.com\/de\/kontakt\/#primaryimage\"},\"thumbnailUrl\":\"https:\/\/inno-plussystems.com\/app\/uploads\/2024\/10\/pand_0.jpg\",\"datePublished\":\"2024-10-03T13:53:30+00:00\",\"dateModified\":\"2025-08-13T09:36:39+00:00\",\"description\":\"Kontaktieren Sie Inno+ f\u00fcr weitere Informationen \u00fcber unsere innovativen Klimasysteme f\u00fcr die Viehzucht. We energise farming!\",\"breadcrumb\":{\"@id\":\"https:\/\/inno-plussystems.com\/de\/kontakt\/#breadcrumb\"},\"inLanguage\":\"de-DE\",\"potentialAction\":[{\"@type\":\"ReadAction\",\"target\":[\"https:\/\/inno-plussystems.com\/de\/kontakt\/\"]}]},{\"@type\":\"ImageObject\",\"inLanguage\":\"de-DE\",\"@id\":\"https:\/\/inno-plussystems.com\/de\/kontakt\/#primaryimage\",\"url\":\"https:\/\/inno-plussystems.com\/app\/uploads\/2024\/10\/pand_0.jpg\",\"contentUrl\":\"https:\/\/inno-plussystems.com\/app\/uploads\/2024\/10\/pand_0.jpg\",\"width\":1920,\"height\":1080},{\"@type\":\"BreadcrumbList\",\"@id\":\"https:\/\/inno-plussystems.com\/de\/kontakt\/#breadcrumb\",\"itemListElement\":[{\"@type\":\"ListItem\",\"position\":1,\"name\":\"Home\",\"item\":\"https:\/\/inno-plussystems.com\/de\/\"},{\"@type\":\"ListItem\",\"position\":2,\"name\":\"Kontaktieren Sie uns\"}]},{\"@type\":\"WebSite\",\"@id\":\"https:\/\/inno-plussystems.com\/de\/#website\",\"url\":\"https:\/\/inno-plussystems.com\/de\/\",\"name\":\"Inno+ | We energise farming\",\"description\":\"We energise farming\",\"publisher\":{\"@id\":\"https:\/\/inno-plussystems.com\/de\/#organization\"},\"alternateName\":\"Inno+\",\"potentialAction\":[{\"@type\":\"SearchAction\",\"target\":{\"@type\":\"EntryPoint\",\"urlTemplate\":\"https:\/\/inno-plussystems.com\/de\/?s={search_term_string}\"},\"query-input\":{\"@type\":\"PropertyValueSpecification\",\"valueRequired\":true,\"valueName\":\"search_term_string\"}}],\"inLanguage\":\"de-DE\"},{\"@type\":\"Organization\",\"@id\":\"https:\/\/inno-plussystems.com\/de\/#organization\",\"name\":\"Inno+ | We energise farming\",\"alternateName\":\"Inno+\",\"url\":\"https:\/\/inno-plussystems.com\/de\/\",\"logo\":{\"@type\":\"ImageObject\",\"inLanguage\":\"de-DE\",\"@id\":\"https:\/\/inno-plussystems.com\/de\/#\/schema\/logo\/image\/\",\"url\":\"https:\/\/inno-plussystems.com\/app\/uploads\/2024\/09\/inno-plus_logo.svg\",\"contentUrl\":\"https:\/\/inno-plussystems.com\/app\/uploads\/2024\/09\/inno-plus_logo.svg\",\"width\":1,\"height\":1,\"caption\":\"Inno+ | We energise farming\"},\"image\":{\"@id\":\"https:\/\/inno-plussystems.com\/de\/#\/schema\/logo\/image\/\"},\"sameAs\":[\"https:\/\/www.facebook.com\/innoplus.nl\",\"https:\/\/www.linkedin.com\/company\/inno-plus\"]}]}<\/script>\n<!-- \/ Yoast SEO plugin. -->","yoast_head_json":{"title":"Kontaktieren Sie uns - Inno+","description":"Kontaktieren Sie Inno+ f\u00fcr weitere Informationen \u00fcber unsere innovativen Klimasysteme f\u00fcr die Viehzucht. We energise farming!","robots":{"index":"index","follow":"follow","max-snippet":"max-snippet:-1","max-image-preview":"max-image-preview:large","max-video-preview":"max-video-preview:-1"},"canonical":"https:\/\/inno-plussystems.com\/de\/kontakt\/","og_locale":"de_DE","og_type":"article","og_title":"Kontaktieren Sie uns - Inno+","og_description":"Kontaktieren Sie Inno+ f\u00fcr weitere Informationen \u00fcber unsere innovativen Klimasysteme f\u00fcr die Viehzucht. We energise farming!","og_url":"https:\/\/inno-plussystems.com\/de\/kontakt\/","og_site_name":"Inno+","article_publisher":"https:\/\/www.facebook.com\/innoplus.nl","article_modified_time":"2025-08-13T09:36:39+00:00","og_image":[{"width":1920,"height":1080,"url":"https:\/\/inno-plussystems.com\/app\/uploads\/2024\/10\/pand_0.jpg","type":"image\/jpeg"}],"twitter_card":"summary_large_image","twitter_misc":{"Est. reading time":"2 minutes"},"schema":{"@context":"https:\/\/schema.org","@graph":[{"@type":["WebPage","ContactPage"],"@id":"https:\/\/inno-plussystems.com\/de\/kontakt\/","url":"https:\/\/inno-plussystems.com\/de\/kontakt\/","name":"Kontaktieren Sie uns - Inno+","isPartOf":{"@id":"https:\/\/inno-plussystems.com\/de\/#website"},"primaryImageOfPage":{"@id":"https:\/\/inno-plussystems.com\/de\/kontakt\/#primaryimage"},"image":{"@id":"https:\/\/inno-plussystems.com\/de\/kontakt\/#primaryimage"},"thumbnailUrl":"https:\/\/inno-plussystems.com\/app\/uploads\/2024\/10\/pand_0.jpg","datePublished":"2024-10-03T13:53:30+00:00","dateModified":"2025-08-13T09:36:39+00:00","description":"Kontaktieren Sie Inno+ f\u00fcr weitere Informationen \u00fcber unsere innovativen Klimasysteme f\u00fcr die Viehzucht. We energise farming!","breadcrumb":{"@id":"https:\/\/inno-plussystems.com\/de\/kontakt\/#breadcrumb"},"inLanguage":"de-DE","potentialAction":[{"@type":"ReadAction","target":["https:\/\/inno-plussystems.com\/de\/kontakt\/"]}]},{"@type":"ImageObject","inLanguage":"de-DE","@id":"https:\/\/inno-plussystems.com\/de\/kontakt\/#primaryimage","url":"https:\/\/inno-plussystems.com\/app\/uploads\/2024\/10\/pand_0.jpg","contentUrl":"https:\/\/inno-plussystems.com\/app\/uploads\/2024\/10\/pand_0.jpg","width":1920,"height":1080},{"@type":"BreadcrumbList","@id":"https:\/\/inno-plussystems.com\/de\/kontakt\/#breadcrumb","itemListElement":[{"@type":"ListItem","position":1,"name":"Home","item":"https:\/\/inno-plussystems.com\/de\/"},{"@type":"ListItem","position":2,"name":"Kontaktieren Sie uns"}]},{"@type":"WebSite","@id":"https:\/\/inno-plussystems.com\/de\/#website","url":"https:\/\/inno-plussystems.com\/de\/","name":"Inno+ | We energise farming","description":"We energise farming","publisher":{"@id":"https:\/\/inno-plussystems.com\/de\/#organization"},"alternateName":"Inno+","potentialAction":[{"@type":"SearchAction","target":{"@type":"EntryPoint","urlTemplate":"https:\/\/inno-plussystems.com\/de\/?s={search_term_string}"},"query-input":{"@type":"PropertyValueSpecification","valueRequired":true,"valueName":"search_term_string"}}],"inLanguage":"de-DE"},{"@type":"Organization","@id":"https:\/\/inno-plussystems.com\/de\/#organization","name":"Inno+ | We energise farming","alternateName":"Inno+","url":"https:\/\/inno-plussystems.com\/de\/","logo":{"@type":"ImageObject","inLanguage":"de-DE","@id":"https:\/\/inno-plussystems.com\/de\/#\/schema\/logo\/image\/","url":"https:\/\/inno-plussystems.com\/app\/uploads\/2024\/09\/inno-plus_logo.svg","contentUrl":"https:\/\/inno-plussystems.com\/app\/uploads\/2024\/09\/inno-plus_logo.svg","width":1,"height":1,"caption":"Inno+ | We energise farming"},"image":{"@id":"https:\/\/inno-plussystems.com\/de\/#\/schema\/logo\/image\/"},"sameAs":["https:\/\/www.facebook.com\/innoplus.nl","https:\/\/www.linkedin.com\/company\/inno-plus"]}]}},"_links":{"self":[{"href":"https:\/\/inno-plussystems.com\/de\/wp-json\/wp\/v2\/pages\/1663","targetHints":{"allow":["GET"]}}],"collection":[{"href":"https:\/\/inno-plussystems.com\/de\/wp-json\/wp\/v2\/pages"}],"about":[{"href":"https:\/\/inno-plussystems.com\/de\/wp-json\/wp\/v2\/types\/page"}],"author":[{"embeddable":true,"href":"https:\/\/inno-plussystems.com\/de\/wp-json\/wp\/v2\/users\/2"}],"replies":[{"embeddable":true,"href":"https:\/\/inno-plussystems.com\/de\/wp-json\/wp\/v2\/comments?post=1663"}],"version-history":[{"count":5,"href":"https:\/\/inno-plussystems.com\/de\/wp-json\/wp\/v2\/pages\/1663\/revisions"}],"predecessor-version":[{"id":2047,"href":"https:\/\/inno-plussystems.com\/de\/wp-json\/wp\/v2\/pages\/1663\/revisions\/2047"}],"wp:featuredmedia":[{"embeddable":true,"href":"https:\/\/inno-plussystems.com\/de\/wp-json\/wp\/v2\/media\/1177"}],"wp:attachment":[{"href":"https:\/\/inno-plussystems.com\/de\/wp-json\/wp\/v2\/media?parent=1663"}],"curies":[{"name":"wp","href":"https:\/\/api.w.org\/{rel}","templated":true}]}}